{"id":87,"date":"2024-03-12T12:22:16","date_gmt":"2024-03-12T12:22:16","guid":{"rendered":"https:\/\/gyengezsuzsanna.com\/?page_id=87"},"modified":"2024-03-26T12:08:54","modified_gmt":"2024-03-26T12:08:54","slug":"publications","status":"publish","type":"page","link":"https:\/\/gyengezsuzsanna.com\/fr\/publications\/","title":{"rendered":"Publications"},"content":{"rendered":"\n<p><strong>Ismeretterjeszt\u0151 \u00edr\u00e1sok:<\/strong><\/p>\n\n\n\n<p>Az ev\u00e9szavarok: \u00edgy lesz az \u00f6ngondoskod\u00e1sb\u00f3l \u00f6nsanyargat\u00e1s. <a href=\"http:\/\/yelon.hu\">yelon.hu<\/a> El\u00e9rhet\u0151: <a href=\"https:\/\/yelon.hu\/2018\/08\/13\/mik-azok-az-eveszavarok\/\">https:\/\/yelon.hu\/2018\/08\/13\/mik-azok-az-eveszavarok\/<\/a><\/p>\n\n\n\n<p>Hogyan seg\u00edts, ha egy bar\u00e1tod ev\u00e9szavarral k\u00fczd? <a href=\"http:\/\/yelon.hu\">yelon.hu<\/a> El\u00e9rhet\u0151: <a href=\"https:\/\/yelon.hu\/2018\/11\/03\/hogyan-segits-ha-egy-baratod-eveszavarral-kuzd\/\">https:\/\/yelon.hu\/2018\/11\/03\/hogyan-segits-ha-egy-baratod-eveszavarral-kuzd\/<\/a><\/p>\n\n\n\n<p>Az ev\u00e9szavaroknak sok oka \u00e9s m\u00e9g t\u00f6bb k\u00f6vetkezm\u00e9nye lehet. <a href=\"http:\/\/yelon.hu\">yelon.hu<\/a> El\u00e9rhet\u0151: <a href=\"https:\/\/yelon.hu\/2019\/03\/06\/az-eveszavarok-okai-es-kovetkezmenyei\/\">https:\/\/yelon.hu\/2019\/03\/06\/az-eveszavarok-okai-es-kovetkezmenyei\/<\/a><\/p>\n\n\n\n<p>A fi\u00fak is k\u00fczdenek ev\u00e9szavarral. <a href=\"http:\/\/yelon.hu\">yelon.hu<\/a> El\u00e9rhet\u0151: <a href=\"https:\/\/yelon.hu\/2019\/04\/10\/a-fiuk-is-kuzdenek-eveszavarral\/\">https:\/\/yelon.hu\/2019\/04\/10\/a-fiuk-is-kuzdenek-eveszavarral\/<\/a><\/p>\n\n\n\n<p>Gond van a testemmel vagy a testk\u00e9pemmel\u2026 <a href=\"http:\/\/yelon.hu\">yelon.hu<\/a> El\u00e9rhet\u0151: <a href=\"https:\/\/yelon.hu\/2019\/05\/24\/nem-szeretem-a-testem\/\">https:\/\/yelon.hu\/2019\/05\/24\/nem-szeretem-a-testem\/<\/a>&nbsp;<\/p>\n\n\n\n<p>Miben seg\u00edt a pszichol\u00f3gus? \u00c9s m\u00e9gis hogyan? <a href=\"http:\/\/yelon.hu\">yelon.hu<\/a> El\u00e9rhet\u0151:&nbsp; <a href=\"https:\/\/yelon.hu\/2019\/09\/07\/miben-hogyan-segit-a-pszichologus\/\">https:\/\/yelon.hu\/2019\/09\/07\/miben-hogyan-segit-a-pszichologus\/<\/a>&nbsp;<\/p>\n\n\n\n<p>Mikor \u00e9rdemes gyermekpszichol\u00f3gus seg\u00edts\u00e9g\u00e9t k\u00e9rni? <a href=\"http:\/\/yelon.hu\">yelon.hu<\/a> El\u00e9rhet\u0151: <a href=\"https:\/\/yelon.hu\/szuloknek\/mikor-segithet-a-gyermekpszichologus\/\">https:\/\/yelon.hu\/szuloknek\/mikor-segithet-a-gyermekpszichologus\/<\/a>&nbsp;<\/p>\n\n\n\n<p>Az ev\u00e9szavar: amikor nem akarsz\/tudsz b\u0171ntudat n\u00e9lk\u00fcl enni <a href=\"http:\/\/yelon.hu\">yelon.hu<\/a> El\u00e9rhet\u0151: <a href=\"https:\/\/yelon.hu\/2019\/10\/21\/milyen-eveszavarok-vannak\/\">https:\/\/yelon.hu\/2019\/10\/21\/milyen-eveszavarok-vannak\/<\/a><\/p>\n\n\n\n<p>Alkohol \u00e9s drogok \u2013 mikor, hogyan besz\u00e9lgess\u00fcnk r\u00f3luk? <a href=\"http:\/\/yelon.hu\">yelon.hu<\/a> El\u00e9rhet\u0151: <a href=\"https:\/\/yelon.hu\/szuloknek\/alkohol-es-drogok-hogyan-beszelgessunk-roluk\/\">https:\/\/yelon.hu\/szuloknek\/alkohol-es-drogok-hogyan-beszelgessunk-roluk\/<\/a>&nbsp;<\/p>\n\n\n\n<p>Mi az a f\u00e9l\u00e9nks\u00e9g, mire j\u00f3, \u00e9s mihez kezdj\u00fcnk vele? <a href=\"http:\/\/yelon.hu\">yelon.hu<\/a> El\u00e9rhet\u0151: <a href=\"https:\/\/yelon.hu\/2020\/08\/28\/a-felenkseg\/\">https:\/\/yelon.hu\/2020\/08\/28\/a-felenkseg\/<\/a>&nbsp;<\/p>\n\n\n\n<p><strong>Tudom\u00e1nyos el\u0151ad\u00e1sok, publik\u00e1ci\u00f3k:<\/strong><\/p>\n\n\n\n<p>Tam\u00e1s, R. B., Perczel-Forintos, D., M\u00e1t\u00e9, O., &amp; Gyenge, Z. (2020). Szomatiz\u00e1ci\u00f3s zavarok kezel\u00e9se gyermekkorban: bizony\u00edtottan hat\u00e9kony pszichoter\u00e1pi\u00e1s m\u00f3dszerek [Treatment of somatic symptom disorder in childhood: evidence-based psychotherapy interventions]. <em>ORVOSI HETILAP<\/em>, <em>161<\/em>(25), 1050\u20131058. http:\/\/doi.org\/10.1556\/650.2020.31740<\/p>\n\n\n\n<p>Cser\u00e9p, M., Gyenge, Z., Jantek, G., M\u00e1t\u00e9, O., K\u00f6vesdi, A., &amp; Gallai, M. (2017). A pszich\u00e9s seg\u00edt\u00e9s sz\u00ednterei a SE I. sz. Gyermekgy\u00f3gy\u00e1szati Klinika szomatikus oszt\u00e1lyain. In <em>MAGYIPETT 41. kongresszusa<\/em> (pp. 53\u201353).<\/p>\n\n\n\n<p>T\u00f6rzs\u00f6k-Sonnevend, M., Rozgonyi, E., &amp; Gyenge, Z. (2016). Aranyhaj \u00e9s a lev\u00e1l\u00e1s nagy gubanca &#8211; Film- \u00e9s meseter\u00e1pi\u00e1s t\u00e1bor a serd\u00fcl\u0151kori v\u00e1ltoz\u00e1sok jegy\u00e9ben. <em>PSYCHIATRIA HUNGARICA<\/em>, <em>31<\/em>(Suppl. 1), 154\u2013154.<\/p>\n","protected":false},"excerpt":{"rendered":"<p>Ismeretterjeszt\u0151 \u00edr\u00e1sok: Az ev\u00e9szavarok: \u00edgy lesz az \u00f6ngondoskod\u00e1sb\u00f3l \u00f6nsanyargat\u00e1s. yelon.hu El\u00e9rhet\u0151: https:\/\/yelon.hu\/2018\/08\/13\/mik-azok-az-eveszavarok\/ Hogyan seg\u00edts, ha egy bar\u00e1tod ev\u00e9szavarral k\u00fczd? yelon.hu El\u00e9rhet\u0151: https:\/\/yelon.hu\/2018\/11\/03\/hogyan-segits-ha-egy-baratod-eveszavarral-kuzd\/ Az ev\u00e9szavaroknak sok oka \u00e9s m\u00e9g t\u00f6bb k\u00f6vetkezm\u00e9nye lehet. yelon.hu El\u00e9rhet\u0151: https:\/\/yelon.hu\/2019\/03\/06\/az-eveszavarok-okai-es-kovetkezmenyei\/ A fi\u00fak is k\u00fczdenek ev\u00e9szavarral. yelon.hu El\u00e9rhet\u0151: https:\/\/yelon.hu\/2019\/04\/10\/a-fiuk-is-kuzdenek-eveszavarral\/ Gond van a testemmel vagy a testk\u00e9pemmel\u2026 yelon.hu El\u00e9rhet\u0151: https:\/\/yelon.hu\/2019\/05\/24\/nem-szeretem-a-testem\/&nbsp; Miben seg\u00edt a [&hellip;]<\/p>\n","protected":false},"author":1,"featured_media":0,"parent":0,"menu_order":0,"comment_status":"closed","ping_status":"closed","template":"","meta":{"footnotes":""},"class_list":["post-87","page","type-page","status-publish","hentry"],"_links":{"self":[{"href":"https:\/\/gyengezsuzsanna.com\/fr\/wp-json\/wp\/v2\/pages\/87","targetHints":{"allow":["GET"]}}],"collection":[{"href":"https:\/\/gyengezsuzsanna.com\/fr\/wp-json\/wp\/v2\/pages"}],"about":[{"href":"https:\/\/gyengezsuzsanna.com\/fr\/wp-json\/wp\/v2\/types\/page"}],"author":[{"embeddable":true,"href":"https:\/\/gyengezsuzsanna.com\/fr\/wp-json\/wp\/v2\/users\/1"}],"replies":[{"embeddable":true,"href":"https:\/\/gyengezsuzsanna.com\/fr\/wp-json\/wp\/v2\/comments?post=87"}],"version-history":[{"count":1,"href":"https:\/\/gyengezsuzsanna.com\/fr\/wp-json\/wp\/v2\/pages\/87\/revisions"}],"predecessor-version":[{"id":88,"href":"https:\/\/gyengezsuzsanna.com\/fr\/wp-json\/wp\/v2\/pages\/87\/revisions\/88"}],"wp:attachment":[{"href":"https:\/\/gyengezsuzsanna.com\/fr\/wp-json\/wp\/v2\/media?parent=87"}],"curies":[{"name":"wp","href":"https:\/\/api.w.org\/{rel}","templated":true}]}}