{"id":56,"date":"2024-03-12T12:22:50","date_gmt":"2024-03-12T12:22:50","guid":{"rendered":"https:\/\/gyengezsuzsanna.com\/?page_id=56"},"modified":"2024-03-12T13:10:09","modified_gmt":"2024-03-12T13:10:09","slug":"cv","status":"publish","type":"page","link":"https:\/\/gyengezsuzsanna.com\/fr\/cv\/","title":{"rendered":"CV"},"content":{"rendered":"\n<p><strong>\u00c9ducation :<\/strong><\/p>\n\n\n\n<p>2014-2020 Universit\u00e9 Semmelweis, Facult\u00e9 de m\u00e9decine, D\u00e9partement de psychologie clinique \u2013&nbsp;<strong>psychologue clinicien sp\u00e9cialis\u00e9 en sant\u00e9 mentale de l\u2019enfant et de l\u2019adolescent (num\u00e9ro d\u2019enregistrement : 2493)<\/strong><\/p>\n\n\n\n<p>2012-2014 Universit\u00e9 E\u00f6tv\u00f6s Lor\u00e1nd, Facult\u00e9 de p\u00e9dagogie et de psychologie, D\u00e9partement de psychologie \u2013 sp\u00e9cialisation en psychologie du d\u00e9veloppement et clinique de l\u2019enfant \u2013&nbsp;<strong>psychologue certifi\u00e9 (MA)<\/strong><\/p>\n\n\n\n<p>2009-2011 Universit\u00e9 E\u00f6tv\u00f6s Lor\u00e1nd, Facult\u00e9 des sciences sociales, Politique des minorit\u00e9s \u2013&nbsp;<strong>expert certifi\u00e9 en politique des minorit\u00e9s (MA)<\/strong><\/p>\n\n\n\n<p>2008-2012 Universit\u00e9 E\u00f6tv\u00f6s Lor\u00e1nd, Facult\u00e9 de p\u00e9dagogie et de psychologie, D\u00e9partement de psychologie \u2013&nbsp;<strong>analyste du comportement (BA)<\/strong><\/p>\n\n\n\n<p><strong>Formations, Cours :&nbsp;<\/strong><\/p>\n\n\n\n<p>2023-2024 Formation internationale de technicien en comportement ABA<\/p>\n\n\n\n<p>2022 Formation internationale de th\u00e9rapie des sch\u00e9mas pour adultes (Instructrice : Andrea B\u00e1lint)<\/p>\n\n\n\n<p>2020 Formation internationale de th\u00e9rapie des sch\u00e9mas pour enfants (Instructeur : Christof Loose)<\/p>\n\n\n\n<p>2016-2017 Formation de training autog\u00e8ne (Instructrice : Marietta N\u00e9meth)<\/p>\n\n\n\n<p>2013-2015 Formation de base en th\u00e9rapie familiale (Instructrice : Piroska Koml\u00f3si)<\/p>\n","protected":false},"excerpt":{"rendered":"<p>\u00c9ducation : 2014-2020 Universit\u00e9 Semmelweis, Facult\u00e9 de m\u00e9decine, D\u00e9partement de psychologie clinique \u2013&nbsp;psychologue clinicien sp\u00e9cialis\u00e9 en sant\u00e9 mentale de l\u2019enfant et de l\u2019adolescent (num\u00e9ro d\u2019enregistrement : 2493) 2012-2014 Universit\u00e9 E\u00f6tv\u00f6s Lor\u00e1nd, Facult\u00e9 de p\u00e9dagogie et de psychologie, D\u00e9partement de psychologie \u2013 sp\u00e9cialisation en psychologie du d\u00e9veloppement et clinique de l\u2019enfant \u2013&nbsp;psychologue certifi\u00e9 (MA) 2009-2011 Universit\u00e9 [&hellip;]<\/p>\n","protected":false},"author":1,"featured_media":0,"parent":0,"menu_order":0,"comment_status":"closed","ping_status":"closed","template":"","meta":{"footnotes":""},"class_list":["post-56","page","type-page","status-publish","hentry"],"_links":{"self":[{"href":"https:\/\/gyengezsuzsanna.com\/fr\/wp-json\/wp\/v2\/pages\/56","targetHints":{"allow":["GET"]}}],"collection":[{"href":"https:\/\/gyengezsuzsanna.com\/fr\/wp-json\/wp\/v2\/pages"}],"about":[{"href":"https:\/\/gyengezsuzsanna.com\/fr\/wp-json\/wp\/v2\/types\/page"}],"author":[{"embeddable":true,"href":"https:\/\/gyengezsuzsanna.com\/fr\/wp-json\/wp\/v2\/users\/1"}],"replies":[{"embeddable":true,"href":"https:\/\/gyengezsuzsanna.com\/fr\/wp-json\/wp\/v2\/comments?post=56"}],"version-history":[{"count":1,"href":"https:\/\/gyengezsuzsanna.com\/fr\/wp-json\/wp\/v2\/pages\/56\/revisions"}],"predecessor-version":[{"id":57,"href":"https:\/\/gyengezsuzsanna.com\/fr\/wp-json\/wp\/v2\/pages\/56\/revisions\/57"}],"wp:attachment":[{"href":"https:\/\/gyengezsuzsanna.com\/fr\/wp-json\/wp\/v2\/media?parent=56"}],"curies":[{"name":"wp","href":"https:\/\/api.w.org\/{rel}","templated":true}]}}