{"id":54,"date":"2024-03-12T12:23:13","date_gmt":"2024-03-12T12:23:13","guid":{"rendered":"https:\/\/gyengezsuzsanna.com\/?page_id=54"},"modified":"2024-03-12T13:09:44","modified_gmt":"2024-03-12T13:09:44","slug":"methodes","status":"publish","type":"page","link":"https:\/\/gyengezsuzsanna.com\/fr\/methodes\/","title":{"rendered":"M\u00e9thodes"},"content":{"rendered":"\n<p>Pendant les th\u00e9rapies, je travaille avec une approche int\u00e9grative o\u00f9 la relation th\u00e9rapeutique est d\u2019une importance primordiale. La confiance mutuelle facilite le partage des exp\u00e9riences et des sentiments. Selon le probl\u00e8me, les m\u00e9thodes suivantes sont appliqu\u00e9es lors des s\u00e9ances de th\u00e9rapie :<\/p>\n\n\n\n<p><strong>Th\u00e9rapie des sch\u00e9mas<\/strong><\/p>\n\n\n\n<p>La th\u00e9rapie des sch\u00e9mas est une approche psychoth\u00e9rapeutique moderne et \u00e9clectique visant \u00e0 comprendre et \u00e0 traiter les probl\u00e8mes psychologiques de longue date. L\u2019objectif du processus th\u00e9rapeutique est d\u2019explorer les besoins \u00e9motionnels du patient et de corriger les d\u00e9ficiences, les blessures et les sch\u00e9mas n\u00e9gatifs qui ont \u00e9merg\u00e9 en raison de besoins non satisfaits. Pour les adultes, des techniques cognitives, imaginatives et exp\u00e9rientielles sont utilis\u00e9es, tandis que des outils de jeu th\u00e9rapeutique sont utilis\u00e9s pour compl\u00e9ter le processus chez les enfants.<\/p>\n\n\n\n<p><strong>Th\u00e9rapie cognitive-comportementale<\/strong><\/p>\n\n\n\n<p>La th\u00e9rapie cognitive-comportementale est une th\u00e9rapie cibl\u00e9e et courte (g\u00e9n\u00e9ralement 10 \u00e0 20 s\u00e9ances) visant \u00e0 comprendre et \u00e0 r\u00e9duire un probl\u00e8me ou un sympt\u00f4me sp\u00e9cifique. Pendant la th\u00e9rapie, le probl\u00e8me et ses pens\u00e9es, sentiments et comportements associ\u00e9s sont explor\u00e9s et modifi\u00e9s. Des exercices actifs et des devoirs entre les s\u00e9ances aident \u00e0 faciliter les progr\u00e8s.<\/p>\n\n\n\n<p><strong>Th\u00e9rapie de couple et familiale<\/strong><\/p>\n\n\n\n<p>En th\u00e9rapie de couple et familiale, l\u2019accent est mis sur la relation entre les membres de la famille. Nous consid\u00e9rons la famille ou le couple comme un syst\u00e8me, en supposant que le sympt\u00f4me\/probl\u00e8me d\u00e9coule du fonctionnement du syst\u00e8me. Si un membre du syst\u00e8me commence \u00e0 changer, cela affecte \u00e9galement les autres.<\/p>\n","protected":false},"excerpt":{"rendered":"<p>Pendant les th\u00e9rapies, je travaille avec une approche int\u00e9grative o\u00f9 la relation th\u00e9rapeutique est d\u2019une importance primordiale. La confiance mutuelle facilite le partage des exp\u00e9riences et des sentiments. Selon le probl\u00e8me, les m\u00e9thodes suivantes sont appliqu\u00e9es lors des s\u00e9ances de th\u00e9rapie : Th\u00e9rapie des sch\u00e9mas La th\u00e9rapie des sch\u00e9mas est une approche psychoth\u00e9rapeutique moderne et [&hellip;]<\/p>\n","protected":false},"author":1,"featured_media":0,"parent":0,"menu_order":0,"comment_status":"closed","ping_status":"closed","template":"","meta":{"footnotes":""},"class_list":["post-54","page","type-page","status-publish","hentry"],"_links":{"self":[{"href":"https:\/\/gyengezsuzsanna.com\/fr\/wp-json\/wp\/v2\/pages\/54","targetHints":{"allow":["GET"]}}],"collection":[{"href":"https:\/\/gyengezsuzsanna.com\/fr\/wp-json\/wp\/v2\/pages"}],"about":[{"href":"https:\/\/gyengezsuzsanna.com\/fr\/wp-json\/wp\/v2\/types\/page"}],"author":[{"embeddable":true,"href":"https:\/\/gyengezsuzsanna.com\/fr\/wp-json\/wp\/v2\/users\/1"}],"replies":[{"embeddable":true,"href":"https:\/\/gyengezsuzsanna.com\/fr\/wp-json\/wp\/v2\/comments?post=54"}],"version-history":[{"count":1,"href":"https:\/\/gyengezsuzsanna.com\/fr\/wp-json\/wp\/v2\/pages\/54\/revisions"}],"predecessor-version":[{"id":55,"href":"https:\/\/gyengezsuzsanna.com\/fr\/wp-json\/wp\/v2\/pages\/54\/revisions\/55"}],"wp:attachment":[{"href":"https:\/\/gyengezsuzsanna.com\/fr\/wp-json\/wp\/v2\/media?parent=54"}],"curies":[{"name":"wp","href":"https:\/\/api.w.org\/{rel}","templated":true}]}}