{"id":52,"date":"2024-03-12T11:35:24","date_gmt":"2024-03-12T11:35:24","guid":{"rendered":"https:\/\/gyengezsuzsanna.com\/?page_id=52"},"modified":"2024-03-12T13:09:18","modified_gmt":"2024-03-12T13:09:18","slug":"services","status":"publish","type":"page","link":"https:\/\/gyengezsuzsanna.com\/fr\/services\/","title":{"rendered":"Services"},"content":{"rendered":"\n<ul class=\"wp-block-list\">\n<li>\u00c9valuation psychologique \u2013 50 minutes<\/li>\n\n\n\n<li>Th\u00e9rapie individuelle pour les adolescents et les adultes \u2013 50 minutes<\/li>\n\n\n\n<li>Consultation parentale \u2013 50 minutes<\/li>\n\n\n\n<li>Consultation de couple et de famille \u2013 90 minutes<\/li>\n<\/ul>\n\n\n\n<p><strong>Vous pouvez venir me consulter concernant les probl\u00e8mes\/th\u00e8mes suivants:<\/strong><\/p>\n\n\n\n<ul class=\"wp-block-list\">\n<li>Probl\u00e8mes d\u2019anxi\u00e9t\u00e9<\/li>\n\n\n\n<li>Troubles de l\u2019humeur<\/li>\n\n\n\n<li>Probl\u00e8mes de sommeil<\/li>\n\n\n\n<li>Manque de confiance en soi, difficult\u00e9s d\u2019estime de soi<\/li>\n\n\n\n<li>Difficult\u00e9s comportementales et d\u2019adaptation de l\u2019enfance<\/li>\n\n\n\n<li>Appr\u00e9hension du contexte psychologique derri\u00e8re les sympt\u00f4mes physiques<\/li>\n\n\n\n<li>Probl\u00e8mes relationnels<\/li>\n\n\n\n<li>Difficult\u00e9s r\u00e9sultant de circonstances de vie (telles que l\u2019expatriation, le deuil\u2026)<\/li>\n\n\n\n<li>Aspiration \u00e0 approfondir la compr\u00e9hension de soi<\/li>\n<\/ul>\n\n\n\n<p>num\u00e9ro d\u2019Adeli: 759361678<\/p>\n","protected":false},"excerpt":{"rendered":"<p>Vous pouvez venir me consulter concernant les probl\u00e8mes\/th\u00e8mes suivants: num\u00e9ro d\u2019Adeli: 759361678<\/p>\n","protected":false},"author":1,"featured_media":0,"parent":0,"menu_order":0,"comment_status":"closed","ping_status":"closed","template":"","meta":{"footnotes":""},"class_list":["post-52","page","type-page","status-publish","hentry"],"_links":{"self":[{"href":"https:\/\/gyengezsuzsanna.com\/fr\/wp-json\/wp\/v2\/pages\/52","targetHints":{"allow":["GET"]}}],"collection":[{"href":"https:\/\/gyengezsuzsanna.com\/fr\/wp-json\/wp\/v2\/pages"}],"about":[{"href":"https:\/\/gyengezsuzsanna.com\/fr\/wp-json\/wp\/v2\/types\/page"}],"author":[{"embeddable":true,"href":"https:\/\/gyengezsuzsanna.com\/fr\/wp-json\/wp\/v2\/users\/1"}],"replies":[{"embeddable":true,"href":"https:\/\/gyengezsuzsanna.com\/fr\/wp-json\/wp\/v2\/comments?post=52"}],"version-history":[{"count":1,"href":"https:\/\/gyengezsuzsanna.com\/fr\/wp-json\/wp\/v2\/pages\/52\/revisions"}],"predecessor-version":[{"id":53,"href":"https:\/\/gyengezsuzsanna.com\/fr\/wp-json\/wp\/v2\/pages\/52\/revisions\/53"}],"wp:attachment":[{"href":"https:\/\/gyengezsuzsanna.com\/fr\/wp-json\/wp\/v2\/media?parent=52"}],"curies":[{"name":"wp","href":"https:\/\/api.w.org\/{rel}","templated":true}]}}