{"id":45,"date":"2024-03-12T11:34:37","date_gmt":"2024-03-12T11:34:37","guid":{"rendered":"https:\/\/gyengezsuzsanna.com\/?page_id=45"},"modified":"2024-03-12T13:08:05","modified_gmt":"2024-03-12T13:08:05","slug":"bienvenue","status":"publish","type":"page","link":"https:\/\/gyengezsuzsanna.com\/fr\/","title":{"rendered":"Bienvenue"},"content":{"rendered":"\n<p>Je suis Zsuzsanna Gyenge, psychologue clinicienne et th\u00e9rapeute en formation en th\u00e9rapie des sch\u00e9mas. Dans ma pratique, je travaille avec des adultes et des enfants.<\/p>\n\n\n\n<p>Chaque individu a une histoire de vie diff\u00e9rente et des traits de personnalit\u00e9 diff\u00e9rents. Je consid\u00e8re donc essentiel d\u2019explorer les situations de vie et les difficult\u00e9s de ceux qui viennent me voir, \u00e9ventuellement compl\u00e9t\u00e9es par des \u00e9valuations psychologiques. Apr\u00e8s avoir identifi\u00e9 le probl\u00e8me, nous formulons des objectifs et un plan que j\u2019aide mes clients \u00e0 atteindre avec des m\u00e9thodes et des techniques personnalis\u00e9es.<\/p>\n\n\n\n<p>Dans la r\u00e9solution des difficult\u00e9s des jeunes enfants, je consid\u00e8re le jeu, les exp\u00e9riences et la consultation des parents comme d\u2019une importance primordiale. Avec les adolescents et les adultes, faciliter les conversations de soutien, reconna\u00eetre et prendre conscience des \u00e9motions et des pens\u00e9es, et acqu\u00e9rir des strat\u00e9gies d\u2019adaptation efficaces deviennent de plus en plus importants.<\/p>\n\n\n\n<p>Pendant la th\u00e9rapie, j\u2019applique la th\u00e9rapie des sch\u00e9mas, la th\u00e9rapie de couple et de famille, et si n\u00e9cessaire, j\u2019enseigne des techniques de relaxation \u00e0 mes patients.<\/p>\n\n\n\n<p>Ma formation professionnelle en psychologie provient de l\u2019Universit\u00e9 Semmelweis de Budapest, o\u00f9 j\u2019ai travaill\u00e9 pr\u00e9c\u00e9demment dans le service de psychiatrie infantile et puis dans la service de psychologie clinique pour adultes. Depuis 2020 je travaille \u00e9galement en cabinet priv\u00e9. Dans mon travail, je consid\u00e8re qu\u2019il est important de soutenir ceux qui viennent me voir avec des m\u00e9thodes adapt\u00e9es et \u00e9prouv\u00e9es, et de cr\u00e9er une atmosph\u00e8re de soutien.<\/p>\n\n\n\n<p>Je me r\u00e9jouis de vous rencontrer !<\/p>\n\n\n\n<figure class=\"wp-block-image size-full\"><img loading=\"lazy\" decoding=\"async\" width=\"1024\" height=\"683\" src=\"https:\/\/gyengezsuzsanna.com\/wp-content\/uploads\/2024\/03\/dsc_7207-2.webp\" alt=\"\" class=\"wp-image-48\" srcset=\"https:\/\/gyengezsuzsanna.com\/wp-content\/uploads\/2024\/03\/dsc_7207-2.webp 1024w, https:\/\/gyengezsuzsanna.com\/wp-content\/uploads\/2024\/03\/dsc_7207-2-300x200.webp 300w, https:\/\/gyengezsuzsanna.com\/wp-content\/uploads\/2024\/03\/dsc_7207-2-768x512.webp 768w\" sizes=\"auto, (max-width: 1024px) 100vw, 1024px\" \/><\/figure>\n","protected":false},"excerpt":{"rendered":"<p>Je suis Zsuzsanna Gyenge, psychologue clinicienne et th\u00e9rapeute en formation en th\u00e9rapie des sch\u00e9mas. Dans ma pratique, je travaille avec des adultes et des enfants. Chaque individu a une histoire de vie diff\u00e9rente et des traits de personnalit\u00e9 diff\u00e9rents. Je consid\u00e8re donc essentiel d\u2019explorer les situations de vie et les difficult\u00e9s de ceux qui viennent [&hellip;]<\/p>\n","protected":false},"author":1,"featured_media":0,"parent":0,"menu_order":0,"comment_status":"closed","ping_status":"closed","template":"","meta":{"footnotes":""},"class_list":["post-45","page","type-page","status-publish","hentry"],"_links":{"self":[{"href":"https:\/\/gyengezsuzsanna.com\/fr\/wp-json\/wp\/v2\/pages\/45","targetHints":{"allow":["GET"]}}],"collection":[{"href":"https:\/\/gyengezsuzsanna.com\/fr\/wp-json\/wp\/v2\/pages"}],"about":[{"href":"https:\/\/gyengezsuzsanna.com\/fr\/wp-json\/wp\/v2\/types\/page"}],"author":[{"embeddable":true,"href":"https:\/\/gyengezsuzsanna.com\/fr\/wp-json\/wp\/v2\/users\/1"}],"replies":[{"embeddable":true,"href":"https:\/\/gyengezsuzsanna.com\/fr\/wp-json\/wp\/v2\/comments?post=45"}],"version-history":[{"count":2,"href":"https:\/\/gyengezsuzsanna.com\/fr\/wp-json\/wp\/v2\/pages\/45\/revisions"}],"predecessor-version":[{"id":51,"href":"https:\/\/gyengezsuzsanna.com\/fr\/wp-json\/wp\/v2\/pages\/45\/revisions\/51"}],"wp:attachment":[{"href":"https:\/\/gyengezsuzsanna.com\/fr\/wp-json\/wp\/v2\/media?parent=45"}],"curies":[{"name":"wp","href":"https:\/\/api.w.org\/{rel}","templated":true}]}}