{"id":77,"date":"2024-03-12T12:22:50","date_gmt":"2024-03-12T12:22:50","guid":{"rendered":"https:\/\/gyengezsuzsanna.com\/?page_id=77"},"modified":"2024-03-26T12:06:07","modified_gmt":"2024-03-26T12:06:07","slug":"cv","status":"publish","type":"page","link":"https:\/\/gyengezsuzsanna.com\/en\/cv\/","title":{"rendered":"CV"},"content":{"rendered":"\n<p><strong>Education:<\/strong><\/p>\n\n\n\n<p>2014-2020 Semmelweis University Faculty of Medicine, Department of Clinical Psychology \u2013&nbsp;<strong>clinical psychologist in child and adolescent mental health<\/strong>&nbsp;(registration number: 2493)<\/p>\n\n\n\n<p>2012-2014 E\u00f6tv\u00f6s Lor\u00e1nd University Faculty of Education and Psychology, Psychology Department \u2013 specialization in developmental and child clinical psychology \u2013&nbsp;<strong>certified psychologist (MA)<\/strong><\/p>\n\n\n\n<p>2009-2011 E\u00f6tv\u00f6s Lor\u00e1nd University Faculty of Social Sciences, Minority Policy \u2013&nbsp;<strong>certified minority policy expert (MA)<\/strong><\/p>\n\n\n\n<p>2008-2012 E\u00f6tv\u00f6s Lor\u00e1nd University Faculty of Education and Psychology, Psychology Department \u2013&nbsp;<strong>behavior analyst (BA)<\/strong><\/p>\n\n\n\n<p><strong>Trainings, Courses:&nbsp;<\/strong><\/p>\n\n\n\n<p>2023-2024 International ABA Behavior Technician Training<\/p>\n\n\n\n<p>2022 Internationally Accredited Adult Schema Therapist Training (Instructor: Andrea B\u00e1lint)<\/p>\n\n\n\n<p>2020 Internationally Accredited Child Schema Therapist Training (Instructor: Christof Loose)<\/p>\n\n\n\n<p>2016-2017 Autogenic Training (Instructor: Marietta N\u00e9meth)<\/p>\n\n\n\n<p>2013-2015 Family Therapy Basic Training (Instructor: Piroska Koml\u00f3si)<\/p>\n","protected":false},"excerpt":{"rendered":"<p>Education: 2014-2020 Semmelweis University Faculty of Medicine, Department of Clinical Psychology \u2013&nbsp;clinical psychologist in child and adolescent mental health&nbsp;(registration number: 2493) 2012-2014 E\u00f6tv\u00f6s Lor\u00e1nd University Faculty of Education and Psychology, Psychology Department \u2013 specialization in developmental and child clinical psychology \u2013&nbsp;certified psychologist (MA) 2009-2011 E\u00f6tv\u00f6s Lor\u00e1nd University Faculty of Social Sciences, Minority Policy \u2013&nbsp;certified minority [&hellip;]<\/p>\n","protected":false},"author":1,"featured_media":0,"parent":0,"menu_order":0,"comment_status":"closed","ping_status":"closed","template":"","meta":{"footnotes":""},"class_list":["post-77","page","type-page","status-publish","hentry"],"_links":{"self":[{"href":"https:\/\/gyengezsuzsanna.com\/en\/wp-json\/wp\/v2\/pages\/77","targetHints":{"allow":["GET"]}}],"collection":[{"href":"https:\/\/gyengezsuzsanna.com\/en\/wp-json\/wp\/v2\/pages"}],"about":[{"href":"https:\/\/gyengezsuzsanna.com\/en\/wp-json\/wp\/v2\/types\/page"}],"author":[{"embeddable":true,"href":"https:\/\/gyengezsuzsanna.com\/en\/wp-json\/wp\/v2\/users\/1"}],"replies":[{"embeddable":true,"href":"https:\/\/gyengezsuzsanna.com\/en\/wp-json\/wp\/v2\/comments?post=77"}],"version-history":[{"count":1,"href":"https:\/\/gyengezsuzsanna.com\/en\/wp-json\/wp\/v2\/pages\/77\/revisions"}],"predecessor-version":[{"id":78,"href":"https:\/\/gyengezsuzsanna.com\/en\/wp-json\/wp\/v2\/pages\/77\/revisions\/78"}],"wp:attachment":[{"href":"https:\/\/gyengezsuzsanna.com\/en\/wp-json\/wp\/v2\/media?parent=77"}],"curies":[{"name":"wp","href":"https:\/\/api.w.org\/{rel}","templated":true}]}}